{"id":32,"date":"2012-07-03T10:02:45","date_gmt":"2012-07-03T09:02:45","guid":{"rendered":"http:\/\/zertifikatsstudium.informatik.uni-bremen.de\/blog\/?page_id=32"},"modified":"2026-03-13T15:54:54","modified_gmt":"2026-03-13T14:54:54","slug":"prufungsordnung","status":"publish","type":"page","link":"https:\/\/zertifikatsstudium.informatik.uni-bremen.de\/blog\/?page_id=32","title":{"rendered":"Studien- und Pr\u00fcfungsordnung"},"content":{"rendered":"<p><strong>Studienstruktur \/ Studienumfang<\/strong><br \/>\nDas Studium besteht aus einem Pflichtmodul \u201eBildung und Digitale Medien\u201c im Umfang von 6 CP, das mit einer 4-st\u00fcndigen Lehrveranstaltung abgedeckt wird.<br \/>\nReflektiert werden gesellschaftliche Entwicklungen, die mit den Digitalen Medien zusammenh\u00e4ngen, wobei insbesondere Bildungsprozesse thematisiert werden. Zugleich sollen praktische Nutzungs- und Gestaltungskompetenzen erworben werden.<br \/>\nDas zweite Pr\u00fcfungsgebiet umfasst Module oder Teilmodule zu \u201eDigitalen Medien in Lernumgebungen\u201c im Umfang von 14 CP, die in 4 -5 Lehrveranstaltungen erworben werden k\u00f6nnen. Das Lehrangebot f\u00fcr das Zertifikatsstudium stammt aus dem Angebot der Erziehungswissenschaft, der Bezugswissenschaften der Schulf\u00e4cher oder der Fach\u00acdidaktiken, es wird jedes Semester im Vorlesungsverzeichnis ausgewiesen unter der Rubrik \u201eFachbereich\u00fcbergreifende Studienangebote\u201c. Ggf. k\u00f6nnen Module oder Teilmo\u00acdule doppelt angerechnet werden: sowohl f\u00fcr den BA\/MA Studiengang als auch f\u00fcr das Zertifikatsstudium DiMeP\u00e4d. Das reduziert den (zus\u00e4tzlich) zu erbringenden Workload erheblich und macht das Zertifikatsstudium attraktiv \u2013 Zusatzqualifikation bei relativ geringem Arbeitsaufwand.<\/p>\n<p><strong>Die Studienordnung<\/strong><br \/>\nDie Studienordnung beschreibt Ziele, Aufbau und Inhalte des Zertifikatsstudiums, sie regelt den Studienverlauf f\u00fcr alle Studierenden, die das Zertifikat anstreben und sie dient als Grundlage f\u00fcr die Planung des Lehrangebots.<\/p>\n<p>Die vollst\u00e4ndige Fassung der Studienordnug zur P0 vom 01.01.2003 steht zum Download als PDF-Datei bereit:<\/p>\n<ul>\n<li><a title=\"Studienordnung\" href=\"..\/Downloads\/StO.pdf\" target=\"_blank\" rel=\"noopener\">Download der Studienordnung<\/a><\/li>\n<\/ul>\n<p><strong>Die Pr\u00fcfungsordnung<\/strong><br \/>\nDas &#8220;Zertifikatsstudium &#8220;Grundlagen digitaler Medien in p\u00e4dagogischen Kontexten&#8221; (ZSt DiMeP\u00e4d) ist ein freiwilliges, studienbegleitendes Zusatzangebot im Rahmen von Studien mit p\u00e4dagogischer Ausrichtung und gleichzeitig ein Angebot der wissenschaftlichen Weiterbildung f\u00fcr Lehrerinnen und Lehrer.<br \/>\nDas Zertifikat ist nur in Zuammenhang mit oder nach&nbsp;Abschluss eines grundst\u00e4ndigen Studiums zu&nbsp;erwerben.<\/p>\n<p>Die vollst\u00e4ndige Fassung der Pr\u00fcfungsordnung steht zum Download als PDF-Datei bereit:<\/p>\n<ul>\n<li><a title=\"Pr\u00fcfungsordnung\" href=\"..\/Downloads\/PO-Zertifikat-DiMePaed-12-07_aktuell.pdf\" target=\"_blank\" rel=\"noopener\">Download der Pr\u00fcfungsordnung <\/a>g\u00fcltig ab 12.06.2006<\/li>\n<\/ul>\n","protected":false},"excerpt":{"rendered":"<p>Studienstruktur \/ Studienumfang Das Studium besteht aus einem Pflichtmodul \u201eBildung und Digitale Medien\u201c im Umfang von 6 CP, das mit einer 4-st\u00fcndigen Lehrveranstaltung abgedeckt wird. Reflektiert werden gesellschaftliche Entwicklungen, die mit den Digitalen Medien zusammenh\u00e4ngen, wobei insbesondere Bildungsprozesse thematisiert werden. Zugleich sollen praktische Nutzungs- und Gestaltungskompetenzen erworben werden. Das zweite Pr\u00fcfungsgebiet umfasst Module oder Teilmodule [&hellip;]<\/p>\n","protected":false},"author":1,"featured_media":0,"parent":0,"menu_order":4,"comment_status":"closed","ping_status":"closed","template":"","meta":[],"_links":{"self":[{"href":"https:\/\/zertifikatsstudium.informatik.uni-bremen.de\/blog\/index.php?rest_route=\/wp\/v2\/pages\/32"}],"collection":[{"href":"https:\/\/zertifikatsstudium.informatik.uni-bremen.de\/blog\/index.php?rest_route=\/wp\/v2\/pages"}],"about":[{"href":"https:\/\/zertifikatsstudium.informatik.uni-bremen.de\/blog\/index.php?rest_route=\/wp\/v2\/types\/page"}],"author":[{"embeddable":true,"href":"https:\/\/zertifikatsstudium.informatik.uni-bremen.de\/blog\/index.php?rest_route=\/wp\/v2\/users\/1"}],"replies":[{"embeddable":true,"href":"https:\/\/zertifikatsstudium.informatik.uni-bremen.de\/blog\/index.php?rest_route=%2Fwp%2Fv2%2Fcomments&post=32"}],"version-history":[{"count":32,"href":"https:\/\/zertifikatsstudium.informatik.uni-bremen.de\/blog\/index.php?rest_route=\/wp\/v2\/pages\/32\/revisions"}],"predecessor-version":[{"id":796,"href":"https:\/\/zertifikatsstudium.informatik.uni-bremen.de\/blog\/index.php?rest_route=\/wp\/v2\/pages\/32\/revisions\/796"}],"wp:attachment":[{"href":"https:\/\/zertifikatsstudium.informatik.uni-bremen.de\/blog\/index.php?rest_route=%2Fwp%2Fv2%2Fmedia&parent=32"}],"curies":[{"name":"wp","href":"https:\/\/api.w.org\/{rel}","templated":true}]}}