{"id":42,"date":"2012-07-03T10:10:42","date_gmt":"2012-07-03T08:10:42","guid":{"rendered":"http:\/\/zertifikatsstudium.informatik.uni-bremen.de\/blog\/?page_id=42"},"modified":"2026-02-11T18:57:45","modified_gmt":"2026-02-11T17:57:45","slug":"allgemeine-informationen","status":"publish","type":"page","link":"https:\/\/zertifikatsstudium.informatik.uni-bremen.de\/blog\/?page_id=42","title":{"rendered":"Allgemeine Informationen"},"content":{"rendered":"<h2>zum Zertifikatsstudium (DiMeP\u00e4d)\/ITG-L<\/h2>\n<p>Das Zertifikatsstudium \u201eGrundlagen Digitaler Medien in p\u00e4dagogischen Kontexten\u201c (ZSt<br \/>\nDiMeP\u00e4d) erm\u00f6glicht den Erwerb und Nachweis eines besonderen Profils \u201eDigitale Medien\u201c f\u00fcr Studierende, die an einem p\u00e4dagogisch ausgerichteten Bachelor\/Master-Studium teilnehmen oder bereits teilgenommen haben. Insbesondere richtet sich dieses Zusatzangebot an (k\u00fcnftige) Lehrerinnen und Lehrer. Es dient der pers\u00f6nlichen Weiterbildung und der Qualifikation in beruflichen Feldern, die Digitale Medien thematisieren und \/ oder nutzen.<br \/>\nDas Zertifikat bescheinigt gegen\u00fcber (potenziellen) Arbeitgebern die entsprechenden Kompetenzen.<\/p>\n<p><strong>Ziel des Zertifikatsstudiums Grundlagen Digitaler Medien in p\u00e4dagogischen Kontexten<\/strong><br \/>\nMit dem Zertifikat DiMeP\u00e4d weisen die Absolventinnen und Absolventen nach,<br \/>\ndass sie bef\u00e4higt sind, Digitale Medien<br \/>\n\u2022 problemorientiert,<br \/>\n\u2022 f\u00e4cher\u00fcbergreifend<br \/>\n\u2022 und gestaltend<br \/>\nin Bildungsprozessen zu reflektieren und einzusetzen. Dabei greifen sie fachwissenschaftliche, technische und fachdidaktische sowie erziehungs- und gesellschaftswissenschaftliche Fragestellungen auf.<\/p>\n<p><strong>Studienvoraussetzungen und empfohlene F\u00e4higkeiten<\/strong><br \/>\nDas Zertifikatsstudium DiMeP\u00e4d ist ein Zusatzangebot zu Bachlor\/Master-Studieng\u00e4ngen und setzt insofern voraus, in einem entsprechenden Studiengang eingeschrieben zu sein oder einen solchen Studiengang bereits absolviert zu haben.<br \/>\nEs wird davon ausgegangen, dass die Studierenden mit Standardsoftware (Betriebssystem, Textverarbeitung, Tabellenkalkulation, Pr\u00e4sentation, Internetbrowser) umgehen k\u00f6nnen. Fehlende Kenntnisse k\u00f6nnen ggf. in inner- und au\u00dferuniversit\u00e4ren Schulungskursen studienbegleitend nachgeholt werden.<br \/>\nErwartet wird von den Studierenden Neugier und eine hohe Bereitschaft, sich mit Digitalen Medien auseinanderzusetzen &#8211; auf technischer, p\u00e4dagogischer und soziokultureller Ebene.<\/p>\n<p><strong>F\u00fcr weitergehende Informationen und Beratungsbedarf:<\/strong>\u00a0Iris Bockermann, MZH 1362, Telefon: 0421\/218-64389, <a href=\"mailto:bockerm@uni-bremen.de\">bockerm@uni-bremen.de<\/a>.<\/p>\n<p>Verantwortlich f\u00fcr das Zertifikatsstudium ist der Gemeinsam Beschlie\u00dfende Ausschuss ZST DiMeP\u00e4d:<br \/>\n<strong id=\"[object]\">Sprecher:<\/strong> Prof. Dr.\u00a0Karsten Wolf,\u00a0GW2 A 2130, 218-69140, <a id=\"[object]\" href=\"mailto:schelhow@informatik.uni-bremen.de\">wolf@uni-bremen.de<br \/>\n<\/a><strong>Gesch\u00e4ftsstelle:<\/strong> Birgit Michaelis, MZH 5090, 218-63960, bimi@uni-bremen.de<\/p>\n","protected":false},"excerpt":{"rendered":"<p>zum Zertifikatsstudium (DiMeP\u00e4d)\/ITG-L Das Zertifikatsstudium \u201eGrundlagen Digitaler Medien in p\u00e4dagogischen Kontexten\u201c (ZSt DiMeP\u00e4d) erm\u00f6glicht den Erwerb und Nachweis eines besonderen Profils \u201eDigitale Medien\u201c f\u00fcr Studierende, die an einem p\u00e4dagogisch ausgerichteten Bachelor\/Master-Studium teilnehmen oder bereits teilgenommen haben. Insbesondere richtet sich dieses Zusatzangebot an (k\u00fcnftige) Lehrerinnen und Lehrer. Es dient der pers\u00f6nlichen Weiterbildung und der Qualifikation in [&hellip;]<\/p>\n","protected":false},"author":1,"featured_media":0,"parent":0,"menu_order":2,"comment_status":"closed","ping_status":"closed","template":"","meta":[],"_links":{"self":[{"href":"https:\/\/zertifikatsstudium.informatik.uni-bremen.de\/blog\/index.php?rest_route=\/wp\/v2\/pages\/42"}],"collection":[{"href":"https:\/\/zertifikatsstudium.informatik.uni-bremen.de\/blog\/index.php?rest_route=\/wp\/v2\/pages"}],"about":[{"href":"https:\/\/zertifikatsstudium.informatik.uni-bremen.de\/blog\/index.php?rest_route=\/wp\/v2\/types\/page"}],"author":[{"embeddable":true,"href":"https:\/\/zertifikatsstudium.informatik.uni-bremen.de\/blog\/index.php?rest_route=\/wp\/v2\/users\/1"}],"replies":[{"embeddable":true,"href":"https:\/\/zertifikatsstudium.informatik.uni-bremen.de\/blog\/index.php?rest_route=%2Fwp%2Fv2%2Fcomments&post=42"}],"version-history":[{"count":38,"href":"https:\/\/zertifikatsstudium.informatik.uni-bremen.de\/blog\/index.php?rest_route=\/wp\/v2\/pages\/42\/revisions"}],"predecessor-version":[{"id":775,"href":"https:\/\/zertifikatsstudium.informatik.uni-bremen.de\/blog\/index.php?rest_route=\/wp\/v2\/pages\/42\/revisions\/775"}],"wp:attachment":[{"href":"https:\/\/zertifikatsstudium.informatik.uni-bremen.de\/blog\/index.php?rest_route=%2Fwp%2Fv2%2Fmedia&parent=42"}],"curies":[{"name":"wp","href":"https:\/\/api.w.org\/{rel}","templated":true}]}}